{"id":161,"date":"2014-11-25T18:25:19","date_gmt":"2014-11-25T22:25:19","guid":{"rendered":"http:\/\/www.geeclab.cl\/?page_id=161"},"modified":"2025-10-27T18:57:20","modified_gmt":"2025-10-27T22:57:20","slug":"eggs","status":"publish","type":"page","link":"https:\/\/www.geeclab.cl\/es\/eggs\/","title":{"rendered":"Curso EGGS"},"content":{"rendered":"<p style=\"font-size: 20px; text-align: center;\">Ecolog\u00eda, Gen\u00e9tica y Gesti\u00f3n de Salm\u00f3nidos (<em>EGGS)\u00a0<\/em>para alumnos de postgrado y pregrado avanzados<\/p>\n<p style=\"font-size: 20px; text-align: center;\">\u00a1Postulaciones abiertas hasta el 19 Diciembre 2014! \u00a1Curso con clases en ingl\u00e9s y espa\u00f1ol!<\/p>\n<p style=\"text-align: left;\">Este curso entregar\u00e1 a los alumnos las bases te\u00f3ricas del ciclo de vida, comportamiento y las herramientas metodol\u00f3gicas\u00a0en la evaluaci\u00f3n y administraci\u00f3n de salmones y truchas (i.e., salm\u00f3nidos; familia Salmonidae), un carism\u00e1tico y bien\u00a0estudiado grupo de peces originarios del Hemisferio Norte. Adem\u00e1s de sustentar importantes pesquer\u00edas,los salm\u00f3nidos\u00a0son importantes sustratos de estudio en Ecolog\u00eda y Gen\u00e9tica debido a (i) su variaci\u00f3n en historias de vida, (ii) la extensa\u00a0migraci\u00f3n entre \u00e1reas de reproducci\u00f3n en aguas continentales y alimentaci\u00f3n en aguas marinas, y (iii) la capacidad de\u00a0retornar a desovar a los tributarios y\/o lagos en que eclosionaron desde huevos 3-5 a\u00f1os antes. Se discutir\u00e1 tambi\u00e9n las\u00a0introducciones de salm\u00f3nidos en el mundo, con \u00e9nfasis en casos exitosos durante gran parte del siglo XX en el\u00a0Hemisferio Sur. Estos incluyen pa\u00edses como Nueva Zelanda, Chile y Argentina, donde hoy forman conspicuas poblaciones\u00a0de vida libre que han alterado significativamente los ecosistemas nativos. El curso y sus contenidos se ajustan muy bien al\u00a0lema de la Direcci\u00f3n de Extensi\u00f3n: \u00bfAguas desbordadas: responsabilidad y futuro?<\/p>\n<p style=\"text-align: center;\">Descarga el programa aqu\u00ed:\u00a0<a href=\"http:\/\/www.geeclab.cl\/wp-content\/uploads\/2014\/11\/Syllabus-EGGS2015.pdf\" rel=\"attachment wp-att-176\">Syllabus-EGGS2015<\/a><\/p>\n<p style=\"text-align: center;\">Env\u00eda tus consultas al director del curso Dr. Daniel Gomez-Uchida a dgomezu@udec.cl<\/p>\n<p style=\"text-align: center;\">Tambi\u00e9n puedes dejar tu comentario en nuestra p\u00e1gina web y responderemos a la brevedad<\/p>\n<p style=\"text-align: left;\"><img fetchpriority=\"high\" decoding=\"async\" class=\"aligncenter wp-image-163 size-large\" src=\"http:\/\/www.geeclab.cl\/wp-content\/uploads\/2014\/11\/EGGS2015-768x1024.png\" alt=\"EGGS2015\" width=\"605\" height=\"806\" srcset=\"https:\/\/www.geeclab.cl\/wp-content\/uploads\/2014\/11\/EGGS2015-768x1024.png 768w, https:\/\/www.geeclab.cl\/wp-content\/uploads\/2014\/11\/EGGS2015-225x300.png 225w, https:\/\/www.geeclab.cl\/wp-content\/uploads\/2014\/11\/EGGS2015-100x133.png 100w, https:\/\/www.geeclab.cl\/wp-content\/uploads\/2014\/11\/EGGS2015-150x200.png 150w, https:\/\/www.geeclab.cl\/wp-content\/uploads\/2014\/11\/EGGS2015-200x266.png 200w, https:\/\/www.geeclab.cl\/wp-content\/uploads\/2014\/11\/EGGS2015-300x400.png 300w, https:\/\/www.geeclab.cl\/wp-content\/uploads\/2014\/11\/EGGS2015-450x600.png 450w, https:\/\/www.geeclab.cl\/wp-content\/uploads\/2014\/11\/EGGS2015-600x800.png 600w, https:\/\/www.geeclab.cl\/wp-content\/uploads\/2014\/11\/EGGS2015-900x1200.png 900w\" sizes=\"(max-width: 605px) 85vw, 605px\" \/><\/p>\n<p style=\"text-align: left;\">\n","protected":false},"excerpt":{"rendered":"<p>Ecolog\u00eda, Gen\u00e9tica y Gesti\u00f3n de Salm\u00f3nidos (EGGS)\u00a0para alumnos de postgrado y pregrado avanzados \u00a1Postulaciones abiertas hasta el 19 Diciembre 2014! \u00a1Curso con clases en ingl\u00e9s y espa\u00f1ol! Este curso entregar\u00e1 a los alumnos las bases te\u00f3ricas del ciclo de vida, comportamiento y las herramientas metodol\u00f3gicas\u00a0en la evaluaci\u00f3n y administraci\u00f3n de salmones y truchas (i.e., salm\u00f3nidos; &hellip; <a href=\"https:\/\/www.geeclab.cl\/es\/eggs\/\" class=\"more-link\">Continuar leyendo<span class=\"screen-reader-text\"> \u00abCurso EGGS\u00bb<\/span><\/a><\/p>\n","protected":false},"author":1,"featured_media":163,"parent":0,"menu_order":0,"comment_status":"closed","ping_status":"closed","template":"","meta":{"footnotes":""},"class_list":["post-161","page","type-page","status-publish","has-post-thumbnail","hentry"],"translation":{"provider":"WPGlobus","version":"3.0.0","language":"es","enabled_languages":["en","es"],"languages":{"en":{"title":true,"content":true,"excerpt":false},"es":{"title":false,"content":false,"excerpt":false}}},"_links":{"self":[{"href":"https:\/\/www.geeclab.cl\/es\/wp-json\/wp\/v2\/pages\/161","targetHints":{"allow":["GET"]}}],"collection":[{"href":"https:\/\/www.geeclab.cl\/es\/wp-json\/wp\/v2\/pages"}],"about":[{"href":"https:\/\/www.geeclab.cl\/es\/wp-json\/wp\/v2\/types\/page"}],"author":[{"embeddable":true,"href":"https:\/\/www.geeclab.cl\/es\/wp-json\/wp\/v2\/users\/1"}],"replies":[{"embeddable":true,"href":"https:\/\/www.geeclab.cl\/es\/wp-json\/wp\/v2\/comments?post=161"}],"version-history":[{"count":2,"href":"https:\/\/www.geeclab.cl\/es\/wp-json\/wp\/v2\/pages\/161\/revisions"}],"predecessor-version":[{"id":1153,"href":"https:\/\/www.geeclab.cl\/es\/wp-json\/wp\/v2\/pages\/161\/revisions\/1153"}],"wp:featuredmedia":[{"embeddable":true,"href":"https:\/\/www.geeclab.cl\/es\/wp-json\/wp\/v2\/media\/163"}],"wp:attachment":[{"href":"https:\/\/www.geeclab.cl\/es\/wp-json\/wp\/v2\/media?parent=161"}],"curies":[{"name":"wp","href":"https:\/\/api.w.org\/{rel}","templated":true}]}}