{"id":43,"date":"2014-10-17T20:09:51","date_gmt":"2014-10-18T00:09:51","guid":{"rendered":"http:\/\/www.geeclab.cl\/?page_id=43"},"modified":"2025-11-03T14:58:08","modified_gmt":"2025-11-03T18:58:08","slug":"sobre-geeclab","status":"publish","type":"page","link":"https:\/\/www.geeclab.cl\/es\/","title":{"rendered":"\u00a1Bienvenidos al GEECLAB!"},"content":{"rendered":"<p>Somos un grupo de acad\u00e9micos, investigadores y estudiantes de pre- y post-grado dedicados al estudio y educaci\u00f3n de la\u00a0biolog\u00eda. El\u00a0Laboratorio GEEC o GEECLAB (pronunciado \u00abgeek\u00bb lab) se dedica a la aplicaci\u00f3n de herramientas gen\u00f3micas y principios de la gen\u00e9tica de poblaciones para responder preguntas b\u00e1sicas y aplicadas en el \u00e1mbito interdisciplinario de la ecolog\u00eda, evoluci\u00f3n y conservaci\u00f3n.<\/p>\n<div id=\"metaslider-id-150\" style=\"max-width: 700px;\" class=\"ml-slider-3-102-0 metaslider metaslider-flex metaslider-150 ml-slider has-dots-nav ms-theme-default\" role=\"region\" aria-label=\"FrontPage\" data-height=\"300\" data-width=\"700\">\n    <div id=\"metaslider_container_150\">\n        <div id=\"metaslider_150\">\n            <ul class='slides'>\n                <li style=\"display: block; width: 100%;\" class=\"slide-623 ms-image \" aria-roledescription=\"slide\" data-date=\"2018-07-06 17:22:12\" data-slide-type=\"image\"><img fetchpriority=\"high\" decoding=\"async\" src=\"https:\/\/www.geeclab.cl\/wp-content\/uploads\/2025\/10\/grupal-scaled-700x300.jpg\" height=\"300\" width=\"700\" alt=\"\" class=\"slider-150 slide-623 msDefaultImage\" title=\"grupal\" \/><\/li>\n                <li style=\"display: none; width: 100%;\" class=\"slide-414 ms-image \" aria-roledescription=\"slide\" data-date=\"2016-02-10 14:40:29\" data-slide-type=\"image\"><img decoding=\"async\" src=\"https:\/\/www.geeclab.cl\/wp-content\/uploads\/2016\/02\/DSC01465-700x300.jpg\" height=\"300\" width=\"700\" alt=\"\" class=\"slider-150 slide-414 msDefaultImage\" \/><\/li>\n                <li style=\"display: none; width: 100%;\" class=\"slide-409 ms-image \" aria-roledescription=\"slide\" data-date=\"2016-02-10 14:34:34\" data-slide-type=\"image\"><img decoding=\"async\" src=\"https:\/\/www.geeclab.cl\/wp-content\/uploads\/2016\/02\/DSC01153-700x300.jpg\" height=\"300\" width=\"700\" alt=\"\" class=\"slider-150 slide-409 msDefaultImage\" \/><\/li>\n                <li style=\"display: none; width: 100%;\" class=\"slide-407 ms-image \" aria-roledescription=\"slide\" data-date=\"2016-02-10 14:33:40\" data-slide-type=\"image\"><img loading=\"lazy\" decoding=\"async\" src=\"https:\/\/www.geeclab.cl\/wp-content\/uploads\/2016\/02\/2015-10-10-01.17.09-700x300.jpg\" height=\"300\" width=\"700\" alt=\"\" class=\"slider-150 slide-407 msDefaultImage\" \/><\/li>\n                <li style=\"display: none; width: 100%;\" class=\"slide-405 ms-image \" aria-roledescription=\"slide\" data-date=\"2016-02-10 14:32:57\" data-slide-type=\"image\"><img loading=\"lazy\" decoding=\"async\" src=\"https:\/\/www.geeclab.cl\/wp-content\/uploads\/2016\/02\/IMG_2400-700x300.jpg\" height=\"300\" width=\"700\" alt=\"\" class=\"slider-150 slide-405 msDefaultImage\" \/><\/li>\n                <li style=\"display: none; width: 100%;\" class=\"slide-406 ms-image \" aria-roledescription=\"slide\" data-date=\"2016-02-10 14:33:18\" data-slide-type=\"image\"><img loading=\"lazy\" decoding=\"async\" src=\"https:\/\/www.geeclab.cl\/wp-content\/uploads\/2016\/02\/Tolten-068-GeecLabPC2s-conflicted-copy-2015-07-04-700x300.jpg\" height=\"300\" width=\"700\" alt=\"\" class=\"slider-150 slide-406 msDefaultImage\" \/><\/li>\n                <li style=\"display: none; width: 100%;\" class=\"slide-401 ms-image \" aria-roledescription=\"slide\" data-date=\"2016-02-10 14:32:05\" data-slide-type=\"image\"><img loading=\"lazy\" decoding=\"async\" src=\"https:\/\/www.geeclab.cl\/wp-content\/uploads\/2016\/02\/IMG_2176-700x300.jpg\" height=\"300\" width=\"700\" alt=\"\" class=\"slider-150 slide-401 msDefaultImage\" \/><\/li>\n                <li style=\"display: none; width: 100%;\" class=\"slide-402 ms-image \" aria-roledescription=\"slide\" data-date=\"2016-02-10 14:32:11\" data-slide-type=\"image\"><img loading=\"lazy\" decoding=\"async\" src=\"https:\/\/www.geeclab.cl\/wp-content\/uploads\/2016\/02\/IMG_2187-700x300.jpg\" height=\"300\" width=\"700\" alt=\"\" class=\"slider-150 slide-402 msDefaultImage\" \/><\/li>\n                <li style=\"display: none; width: 100%;\" class=\"slide-404 ms-image \" aria-roledescription=\"slide\" data-date=\"2016-02-10 14:32:39\" data-slide-type=\"image\"><img loading=\"lazy\" decoding=\"async\" src=\"https:\/\/www.geeclab.cl\/wp-content\/uploads\/2016\/02\/IMG_2370-700x300.jpg\" height=\"300\" width=\"700\" alt=\"\" class=\"slider-150 slide-404 msDefaultImage\" \/><\/li>\n                <li style=\"display: none; width: 100%;\" class=\"slide-398 ms-image \" aria-roledescription=\"slide\" data-date=\"2016-02-10 14:31:08\" data-slide-type=\"image\"><img loading=\"lazy\" decoding=\"async\" src=\"https:\/\/www.geeclab.cl\/wp-content\/uploads\/2016\/02\/FOTO-2-700x300.jpg\" height=\"300\" width=\"700\" alt=\"\" class=\"slider-150 slide-398 msDefaultImage\" \/><\/li>\n                <li style=\"display: none; width: 100%;\" class=\"slide-399 ms-image \" aria-roledescription=\"slide\" data-date=\"2016-02-10 14:31:33\" data-slide-type=\"image\"><img loading=\"lazy\" decoding=\"async\" src=\"https:\/\/www.geeclab.cl\/wp-content\/uploads\/2016\/02\/FOTO-4-700x300.jpg\" height=\"300\" width=\"700\" alt=\"\" class=\"slider-150 slide-399 msDefaultImage\" \/><\/li>\n                <li style=\"display: none; width: 100%;\" class=\"slide-393 ms-image \" aria-roledescription=\"slide\" data-date=\"2016-02-10 14:29:09\" data-slide-type=\"image\"><img loading=\"lazy\" decoding=\"async\" src=\"https:\/\/www.geeclab.cl\/wp-content\/uploads\/2016\/02\/DSC05622-700x300.jpg\" height=\"300\" width=\"700\" alt=\"\" class=\"slider-150 slide-393 msDefaultImage\" \/><\/li>\n                <li style=\"display: none; width: 100%;\" class=\"slide-392 ms-image \" aria-roledescription=\"slide\" data-date=\"2016-02-10 14:28:48\" data-slide-type=\"image\"><img loading=\"lazy\" decoding=\"async\" src=\"https:\/\/www.geeclab.cl\/wp-content\/uploads\/2016\/02\/DSC02356-700x300.jpg\" height=\"300\" width=\"700\" alt=\"\" class=\"slider-150 slide-392 msDefaultImage\" \/><\/li>\n            <\/ul>\n        <\/div>\n        \n    <\/div>\n<\/div>\n<p>Te invitamos a leer nuestras p\u00e1ginas para conocer nuestro equipo, proyectos, cursos, informes y publicaciones cient\u00edficas. Cont\u00e1ctanos a trav\u00e9s de nuestros correos (dropbox.geec@gmail.com; dgomezu@udec.cl) o nuestras redes sociales.<\/p>\n<h3><\/h3>\n","protected":false},"excerpt":{"rendered":"<p>Somos un grupo de acad\u00e9micos, investigadores y estudiantes de pre- y post-grado dedicados al estudio y educaci\u00f3n de la\u00a0biolog\u00eda. El\u00a0Laboratorio GEEC o GEECLAB (pronunciado \u00abgeek\u00bb lab) se dedica a la aplicaci\u00f3n de herramientas gen\u00f3micas y principios de la gen\u00e9tica de poblaciones para responder preguntas b\u00e1sicas y aplicadas en el \u00e1mbito interdisciplinario de la ecolog\u00eda, evoluci\u00f3n &hellip; <a href=\"https:\/\/www.geeclab.cl\/es\/\" class=\"more-link\">Continuar leyendo<span class=\"screen-reader-text\"> \u00ab\u00a1Bienvenidos al GEECLAB!\u00bb<\/span><\/a><\/p>\n","protected":false},"author":1,"featured_media":0,"parent":0,"menu_order":0,"comment_status":"closed","ping_status":"closed","template":"","meta":{"footnotes":""},"class_list":["post-43","page","type-page","status-publish","hentry"],"translation":{"provider":"WPGlobus","version":"3.0.0","language":"es","enabled_languages":["en","es"],"languages":{"en":{"title":true,"content":true,"excerpt":false},"es":{"title":true,"content":true,"excerpt":false}}},"_links":{"self":[{"href":"https:\/\/www.geeclab.cl\/es\/wp-json\/wp\/v2\/pages\/43","targetHints":{"allow":["GET"]}}],"collection":[{"href":"https:\/\/www.geeclab.cl\/es\/wp-json\/wp\/v2\/pages"}],"about":[{"href":"https:\/\/www.geeclab.cl\/es\/wp-json\/wp\/v2\/types\/page"}],"author":[{"embeddable":true,"href":"https:\/\/www.geeclab.cl\/es\/wp-json\/wp\/v2\/users\/1"}],"replies":[{"embeddable":true,"href":"https:\/\/www.geeclab.cl\/es\/wp-json\/wp\/v2\/comments?post=43"}],"version-history":[{"count":5,"href":"https:\/\/www.geeclab.cl\/es\/wp-json\/wp\/v2\/pages\/43\/revisions"}],"predecessor-version":[{"id":1162,"href":"https:\/\/www.geeclab.cl\/es\/wp-json\/wp\/v2\/pages\/43\/revisions\/1162"}],"wp:attachment":[{"href":"https:\/\/www.geeclab.cl\/es\/wp-json\/wp\/v2\/media?parent=43"}],"curies":[{"name":"wp","href":"https:\/\/api.w.org\/{rel}","templated":true}]}}